{"id":52,"date":"2021-04-23T03:04:34","date_gmt":"2021-04-23T01:04:34","guid":{"rendered":"https:\/\/www.dentalgb.es\/?page_id=52"},"modified":"2021-04-29T23:16:48","modified_gmt":"2021-04-29T21:16:48","slug":"equipo-clinica-dental-gonzalo-de-berceo","status":"publish","type":"page","link":"https:\/\/www.dentalgb.es\/?page_id=52","title":{"rendered":"Equipo"},"content":{"rendered":"\t\t<div data-elementor-type=\"wp-page\" data-elementor-id=\"52\" class=\"elementor elementor-52\">\n\t\t\t\t\t\t<section class=\"elementor-section elementor-top-section elementor-element elementor-element-817176e elementor-section-boxed elementor-section-height-default elementor-section-height-default\" data-id=\"817176e\" data-element_type=\"section\">\n\t\t\t\t\t\t<div class=\"elementor-container elementor-column-gap-default\">\n\t\t\t\t\t<div class=\"elementor-column elementor-col-100 elementor-top-column elementor-element elementor-element-00f728d\" data-id=\"00f728d\" data-element_type=\"column\">\n\t\t\t<div class=\"elementor-widget-wrap elementor-element-populated\">\n\t\t\t\t\t\t<div class=\"elementor-element elementor-element-061e5f3 elementor-widget elementor-widget-heading\" data-id=\"061e5f3\" data-element_type=\"widget\" data-widget_type=\"heading.default\">\n\t\t\t\t<div class=\"elementor-widget-container\">\n\t\t\t\t\t<h1 class=\"elementor-heading-title elementor-size-default\">EQUIPO<\/h1>\t\t\t\t<\/div>\n\t\t\t\t<\/div>\n\t\t\t\t\t<\/div>\n\t\t<\/div>\n\t\t\t\t\t<\/div>\n\t\t<\/section>\n\t\t\t\t<section class=\"elementor-section elementor-top-section elementor-element elementor-element-36fff28d elementor-section-boxed elementor-section-height-default elementor-section-height-default\" data-id=\"36fff28d\" data-element_type=\"section\">\n\t\t\t\t\t\t<div class=\"elementor-container elementor-column-gap-default\">\n\t\t\t\t\t<div class=\"elementor-column elementor-col-100 elementor-top-column elementor-element elementor-element-7ad7cfbc\" data-id=\"7ad7cfbc\" data-element_type=\"column\">\n\t\t\t<div class=\"elementor-widget-wrap elementor-element-populated\">\n\t\t\t\t\t\t<div class=\"elementor-element elementor-element-100101a5 elementor-widget elementor-widget-text-editor\" data-id=\"100101a5\" data-element_type=\"widget\" data-widget_type=\"text-editor.default\">\n\t\t\t\t<div class=\"elementor-widget-container\">\n\t\t\t\t\t\t\t\t\t\n<p class=\"has-text-align-center\">Nuestro equipo mantiene una <strong>atm\u00f3sfera c\u00e1lida y agradable<\/strong>, en un entorno que busca hacer tu experiencia con nosotros lo m\u00e1s grata posible. Nuestros tratamientos son llevados a cabo sin dolor, y de la forma m\u00e1s relajada, con un <strong>enfoque amistoso, delicado y atento<\/strong>.<\/p>\n\n\n\n<p class=\"has-text-align-center\">Cada caso ser\u00e1 estudiado por todo el equipo para poder llevar a cabo tus expectativas tanto est\u00e9ticas como funcionales. Hacer todo eso es lo que nos gusta y nos motiva. Nos enorgullecemos de mantenernos al d\u00eda en los \u00faltimos avances en odontolog\u00eda, as\u00ed como asistir y participar regularmente en cursos y congresos en todo el mundo.<\/p>\n\n\n\n<p class=\"has-text-align-center\">Nuestro compromiso es ofrecerte una&nbsp;<strong>odontolog\u00eda de alta calidad<\/strong>&nbsp;a trav\u00e9s de una relaci\u00f3n de confianza.<\/p>\n\n\n\n<p class=\"has-text-align-center\">En el gabinete, nuestros especialistas te har\u00e1n un examen oral minucioso de los dientes, enc\u00edas y el resto de la cavidad oral. Se tomar\u00e1 una radiograf\u00eda digital panor\u00e1mica para el diagn\u00f3stico y la planificaci\u00f3n del tratamiento. Todo esto nos aporta unos datos b\u00e1sicos e imprescindibles para poder realizar un presupuesto lo m\u00e1s ajustado posible. En casos donde se detecte una&nbsp;<strong>enfermedad periodontal<\/strong>, en rehabilitaciones complejas con o sin&nbsp;<strong>implantes dentales<\/strong>, en&nbsp;<strong>ortodoncia<\/strong> o en <strong>trabajos de alta est\u00e9tica<\/strong>, se realiza un estudio espec\u00edfico previo para poder enfocar el tratamiento con las mejores garant\u00edas de \u00e9xito.<\/p>\n\n\n\n<p class=\"has-text-align-center\">Queremos hacer que te sientas c\u00f3modo en nuestra cl\u00ednica dental, desde que entras por la puerta hasta que nuestros especialistas atiendan tu caso.<\/p>\n\t\t\t\t\t\t\t\t<\/div>\n\t\t\t\t<\/div>\n\t\t\t\t\t<\/div>\n\t\t<\/div>\n\t\t\t\t\t<\/div>\n\t\t<\/section>\n\t\t\t\t<\/div>\n\t\t","protected":false},"excerpt":{"rendered":"<p>EQUIPO Nuestro equipo mantiene una atm\u00f3sfera c\u00e1lida y agradable, en un entorno que busca hacer tu experiencia con nosotros lo m\u00e1s grata posible. Nuestros tratamientos son llevados a cabo sin dolor, y de la forma m\u00e1s relajada, con un enfoque amistoso, delicado y atento. Cada caso ser\u00e1 estudiado por todo el equipo para poder llevar [&hellip;]<\/p>\n","protected":false},"author":2,"featured_media":0,"parent":0,"menu_order":0,"comment_status":"closed","ping_status":"closed","template":"","meta":{"ocean_post_layout":"","ocean_both_sidebars_style":"","ocean_both_sidebars_content_width":0,"ocean_both_sidebars_sidebars_width":0,"ocean_sidebar":"0","ocean_second_sidebar":"0","ocean_disable_margins":"enable","ocean_add_body_class":"","ocean_shortcode_before_top_bar":"","ocean_shortcode_after_top_bar":"","ocean_shortcode_before_header":"","ocean_shortcode_after_header":"","ocean_has_shortcode":"","ocean_shortcode_after_title":"","ocean_shortcode_before_footer_widgets":"","ocean_shortcode_after_footer_widgets":"","ocean_shortcode_before_footer_bottom":"","ocean_shortcode_after_footer_bottom":"","ocean_display_top_bar":"default","ocean_display_header":"default","ocean_header_style":"","ocean_center_header_left_menu":"0","ocean_custom_header_template":"0","ocean_custom_logo":0,"ocean_custom_retina_logo":0,"ocean_custom_logo_max_width":0,"ocean_custom_logo_tablet_max_width":0,"ocean_custom_logo_mobile_max_width":0,"ocean_custom_logo_max_height":0,"ocean_custom_logo_tablet_max_height":0,"ocean_custom_logo_mobile_max_height":0,"ocean_header_custom_menu":"0","ocean_menu_typo_font_family":"0","ocean_menu_typo_font_subset":"","ocean_menu_typo_font_size":0,"ocean_menu_typo_font_size_tablet":0,"ocean_menu_typo_font_size_mobile":0,"ocean_menu_typo_font_size_unit":"px","ocean_menu_typo_font_weight":"","ocean_menu_typo_font_weight_tablet":"","ocean_menu_typo_font_weight_mobile":"","ocean_menu_typo_transform":"","ocean_menu_typo_transform_tablet":"","ocean_menu_typo_transform_mobile":"","ocean_menu_typo_line_height":0,"ocean_menu_typo_line_height_tablet":0,"ocean_menu_typo_line_height_mobile":0,"ocean_menu_typo_line_height_unit":"","ocean_menu_typo_spacing":0,"ocean_menu_typo_spacing_tablet":0,"ocean_menu_typo_spacing_mobile":0,"ocean_menu_typo_spacing_unit":"","ocean_menu_link_color":"","ocean_menu_link_color_hover":"","ocean_menu_link_color_active":"","ocean_menu_link_background":"","ocean_menu_link_hover_background":"","ocean_menu_link_active_background":"","ocean_menu_social_links_bg":"","ocean_menu_social_hover_links_bg":"","ocean_menu_social_links_color":"","ocean_menu_social_hover_links_color":"","ocean_disable_title":"default","ocean_disable_heading":"default","ocean_post_title":"","ocean_post_subheading":"","ocean_post_title_style":"","ocean_post_title_background_color":"","ocean_post_title_background":0,"ocean_post_title_bg_image_position":"","ocean_post_title_bg_image_attachment":"","ocean_post_title_bg_image_repeat":"","ocean_post_title_bg_image_size":"","ocean_post_title_height":0,"ocean_post_title_bg_overlay":0.5,"ocean_post_title_bg_overlay_color":"","ocean_disable_breadcrumbs":"default","ocean_breadcrumbs_color":"","ocean_breadcrumbs_separator_color":"","ocean_breadcrumbs_links_color":"","ocean_breadcrumbs_links_hover_color":"","ocean_display_footer_widgets":"default","ocean_display_footer_bottom":"default","ocean_custom_footer_template":"0","footnotes":""},"class_list":["post-52","page","type-page","status-publish","hentry","entry"],"_links":{"self":[{"href":"https:\/\/www.dentalgb.es\/index.php?rest_route=\/wp\/v2\/pages\/52","targetHints":{"allow":["GET"]}}],"collection":[{"href":"https:\/\/www.dentalgb.es\/index.php?rest_route=\/wp\/v2\/pages"}],"about":[{"href":"https:\/\/www.dentalgb.es\/index.php?rest_route=\/wp\/v2\/types\/page"}],"author":[{"embeddable":true,"href":"https:\/\/www.dentalgb.es\/index.php?rest_route=\/wp\/v2\/users\/2"}],"replies":[{"embeddable":true,"href":"https:\/\/www.dentalgb.es\/index.php?rest_route=%2Fwp%2Fv2%2Fcomments&post=52"}],"version-history":[{"count":9,"href":"https:\/\/www.dentalgb.es\/index.php?rest_route=\/wp\/v2\/pages\/52\/revisions"}],"predecessor-version":[{"id":487,"href":"https:\/\/www.dentalgb.es\/index.php?rest_route=\/wp\/v2\/pages\/52\/revisions\/487"}],"wp:attachment":[{"href":"https:\/\/www.dentalgb.es\/index.php?rest_route=%2Fwp%2Fv2%2Fmedia&parent=52"}],"curies":[{"name":"wp","href":"https:\/\/api.w.org\/{rel}","templated":true}]}}