{"id":50,"date":"2021-04-23T03:04:12","date_gmt":"2021-04-23T01:04:12","guid":{"rendered":"https:\/\/www.dentalgb.es\/?page_id=50"},"modified":"2021-04-26T07:14:44","modified_gmt":"2021-04-26T05:14:44","slug":"contacto","status":"publish","type":"page","link":"https:\/\/www.dentalgb.es\/?page_id=50","title":{"rendered":"Contacto"},"content":{"rendered":"\n<p class=\"has-normal-font-size\"><span style=\"color:#f1e4be\" class=\"has-inline-color\">Rellena el siguiente formulario para hacernos llegar cualquier consulta que tengas o solicitar una cita online para acudir a nuestra cl\u00ednica. Las citas online tienen que ser confirmadas, recibir\u00e1s una llamada de nuestro personal confirm\u00e1ndola o con el d\u00eda y la hora disponible en caso contrario. Muchas gracias<\/span><\/p>\n\n\n\r\n<style type=\"text\/css\">\r\n\r\n\r\n\r\nbody #wpforms-84 {\r\n\t\t\r\n\t\t\t}\r\n\r\n\t\r\n\r\n\tbody #wpforms-84 .wpforms-head-container .wpforms-title {\r\n\tcolor:#f1e4be ;\t}\r\n\r\n\tbody #wpforms-84 .wpforms-head-container .wpforms-description {\r\n\t\tcolor:#f1e4be ;\t\tdisplay:block;\r\n\t}\r\n\r\n\r\n\tbody #wpforms-84 .wpforms-submit-container .wpforms-submit, body #wpforms-84 .wpforms-field-pagebreak button.wpforms-page-button {\r\n\t\tfont-weight: bold;color:#3f4247 ;background-color:#f1e4be ;border-color:#ffffff ;\t\tborder-width: 0px;\t}\r\n\r\n\tbody #wpforms-84 .wpforms-submit-container .wpforms-submit:hover, body #wpforms-84 .wpforms-field-pagebreak button.wpforms-page-button:hover {\r\n\tbackground-color:#f1e4be;\tcolor:#3f4247;\t}\r\n\r\n\tbody #wpforms-84 .wpforms-submit-container,\r\n\tbody #wpforms-84 .wpforms-field-pagebreak .wpforms-pagebreak-left{\r\n\t\t}\r\n\r\n\r\n\tbody #wpforms-84 .wpforms-form .wpforms-field input[type=text],\r\n\tbody #wpforms-84 .wpforms-form .wpforms-field input[type=email],\r\n\tbody #wpforms-84 .wpforms-form .wpforms-field input[type=tel],\r\n\tbody #wpforms-84 .wpforms-form .wpforms-field input[type=url],\r\n\tbody #wpforms-84 .wpforms-form .wpforms-field input[type=password],\r\n\tbody #wpforms-84 .wpforms-form .wpforms-field input[type=number]\r\n\t{\r\n\t\tcolor:#000000 ;\t\tborder-width: 1px;\t}\r\n\r\n\tbody #wpforms-84 .wpforms-form .wpforms-field .wpforms-field-row\r\n\t{\r\n\t\t\t}\r\n\r\n\tbody #wpforms-84 .wpforms-form .wpforms-field-layout.wpforms-field input[type=text],\r\n\tbody #wpforms-84 .wpforms-form .wpforms-field-layout.wpforms-field input[type=email],\r\n\tbody #wpforms-84 .wpforms-form .wpforms-field-layout.wpforms-field input[type=tel],\r\n\tbody #wpforms-84 .wpforms-form .wpforms-field-layout.wpforms-field input[type=url],\r\n\tbody #wpforms-84 .wpforms-form .wpforms-field-layout.wpforms-field input[type=password],\r\n\tbody #wpforms-84 .wpforms-form .wpforms-field-layout.wpforms-field input[type=number]{\r\n\t\twidth: 100%;\r\n\t}\r\n\r\n\tbody #wpforms-84 .wpforms-form .wpforms-field .wpforms-field-row input[type=text]{\r\n\t\twidth: 100%;\r\n\t}\r\n\r\n\r\n\r\n\r\n\r\n\tbody #wpforms-84 .wpforms-form .wpforms-field textarea {\r\n\t\tcolor:#f1e4be ;\t\t\tborder-width: 1px;\t}\r\n\r\n \r\n\r\n\tbody #wpforms-84 .wpforms-form .wpforms-field select {\r\n\r\n\t\tcolor:#000000 ;\r\n\t\tborder-width: 1px;\t}\r\n\r\n\t\/* dropdown styles on modern background *\/\r\n\tbody #wpforms-84 .wpforms-form .wpforms-field-select-style-modern .choices__inner{\r\n\t\tcolor:#000000 ;\t\t\r\n\t}\r\n\r\n\t\/* background color on modern dropdown *\/\r\n\t\t\tbody #wpforms-84 .wpforms-form .wpforms-field-select-style-modern .choices__item{\r\n\t\t\tcolor: #000000;\r\n\t\t}\r\n\t\t\r\n\t\t\r\n \r\n\tbody #wpforms-84 .wpforms-form .wpforms-field-radio li label,\r\n\tbody #wpforms-84 .wpforms-form .wpforms-field-payment-multiple li label {\r\n\t\tcolor:#000000 ;\t}\r\n \r\n\tbody #wpforms-84 .wpforms-form .wpforms-field-checkbox li label {\r\n\t\tcolor:#000000 ;\t}\r\n \r\n\tbody #wpforms-84 .wpforms-form .wpforms-field .wpforms-field-description {\r\n\r\n\t\tcolor:#f1e4be ;\t}\r\n\r\n \r\n\tbody #wpforms-84 .wpforms-form .wpforms-field label.wpforms-field-label,\r\n\tbody #wpforms-84 .wpforms-form .wpforms-field .wpforms-field-label {\r\n\t\tcolor:#f1e4be ;\t}\r\n\r\n\r\n \r\n\tbody #wpforms-confirmation-84  {\r\n\r\n\tcolor:#f1e4be ;\t\t\tborder-width: 1px;\t}\r\n\r\n\tbody #wpforms-confirmation-84 p{\r\n\t\ttext-transform: uppercase;\r\n\t\ttext-decoration: underline;\r\n\t\tcolor: inherit;\r\n\t}\r\n\r\n\/* Styling for Tablets *\/\r\n@media only screen and (max-width: 800px) and (min-width:481px) {\r\n\t\r\n\r\n\r\n\r\n}\r\n\r\n@media only screen and (max-width: 480px){\r\n\t\r\n\r\n\r\n\r\n}\r\n\/*Option to add custom CSS *\/\r\n\r\n\r\n\r\n\t\t<\/style>\r\n\t\t<div class=\"wpforms-container wpforms-container-full wpforms-block\" id=\"wpforms-84\"><form id=\"wpforms-form-84\" class=\"wpforms-validate wpforms-form\" data-formid=\"84\" method=\"post\" enctype=\"multipart\/form-data\" action=\"\/index.php?rest_route=%2Fwp%2Fv2%2Fpages%2F50\" data-token=\"b7f3b8fe733e3cc389bf55fd06f6c22b\" data-token-time=\"1777455774\"><noscript class=\"wpforms-error-noscript\">Por favor, activa JavaScript en tu navegador para completar este formulario.<\/noscript><div class=\"wpforms-field-container\"><div id=\"wpforms-84-field_3-container\" class=\"wpforms-field wpforms-field-text\" data-field-id=\"3\"><label class=\"wpforms-field-label\" for=\"wpforms-84-field_3\">Nombre <span class=\"wpforms-required-label\">*<\/span><\/label><input type=\"text\" id=\"wpforms-84-field_3\" class=\"wpforms-field-medium wpforms-field-required\" name=\"wpforms[fields][3]\" required><\/div><div id=\"wpforms-84-field_1-container\" class=\"wpforms-field wpforms-field-email\" data-field-id=\"1\"><label class=\"wpforms-field-label\" for=\"wpforms-84-field_1\">Correo electr\u00f3nico <span class=\"wpforms-required-label\">*<\/span><\/label><input type=\"email\" id=\"wpforms-84-field_1\" class=\"wpforms-field-medium wpforms-field-required\" name=\"wpforms[fields][1]\" spellcheck=\"false\" required><\/div><div id=\"wpforms-84-field_10-container\" class=\"wpforms-field wpforms-field-text\" data-field-id=\"10\"><label class=\"wpforms-field-label\" for=\"wpforms-84-field_10\">Tel\u00e9fono <span class=\"wpforms-required-label\">*<\/span><\/label><input type=\"text\" id=\"wpforms-84-field_10\" class=\"wpforms-field-medium wpforms-field-required\" name=\"wpforms[fields][10]\" required><\/div><div id=\"wpforms-84-field_4-container\" class=\"wpforms-field wpforms-field-select wpforms-field-select-style-classic\" data-field-id=\"4\"><label class=\"wpforms-field-label\" for=\"wpforms-84-field_4\">Asunto <span class=\"wpforms-required-label\">*<\/span><\/label><select id=\"wpforms-84-field_4\" class=\"wpforms-field-medium wpforms-field-required\" name=\"wpforms[fields][4]\" required=\"required\"><option value=\"Primera Visita\"  class=\"choice-1 depth-1\"  >Primera Visita<\/option><option value=\"Revisi\u00f3n\"  class=\"choice-2 depth-1\"  >Revisi\u00f3n<\/option><option value=\"Consulta sobre tratamientos\"  class=\"choice-3 depth-1\"  >Consulta sobre tratamientos<\/option><option value=\"Consulta general\"  class=\"choice-5 depth-1\"  >Consulta general<\/option><option value=\"Comentario\"  class=\"choice-4 depth-1\"  >Comentario<\/option><\/select><\/div><div id=\"wpforms-84-field_2-container\" class=\"wpforms-field wpforms-field-textarea\" data-field-id=\"2\"><label class=\"wpforms-field-label\" for=\"wpforms-84-field_2\">Comentario o mensaje <span class=\"wpforms-required-label\">*<\/span><\/label><textarea id=\"wpforms-84-field_2\" class=\"wpforms-field-medium wpforms-field-required\" name=\"wpforms[fields][2]\" required><\/textarea><\/div><div id=\"wpforms-84-field_5-container\" class=\"wpforms-field wpforms-field-gdpr-checkbox\" data-field-id=\"5\"><label class=\"wpforms-field-label\">Acuerdo RGPD  <span class=\"wpforms-required-label\">*<\/span><\/label><ul id=\"wpforms-84-field_5\" class=\"wpforms-field-required\"><li class=\"choice-1\"><input type=\"checkbox\" id=\"wpforms-84-field_5_1\" name=\"wpforms[fields][5][]\" value=\"Doy mi consentimiento para que esta web almacene la informaci\u00f3n que env\u00edo para que puedan responder a mi petici\u00f3n. \" required ><label class=\"wpforms-field-label-inline\" for=\"wpforms-84-field_5_1\">Doy mi consentimiento para que esta web almacene la informaci\u00f3n que env\u00edo para que puedan responder a mi petici\u00f3n. <\/label><\/li><\/ul><\/div><div id=\"wpforms-84-field_9-container\" class=\"wpforms-field wpforms-field-checkbox\" data-field-id=\"9\"><label class=\"wpforms-field-label\">Autorizaci\u00f3n comunicaciones comerciales<\/label><ul id=\"wpforms-84-field_9\"><li class=\"choice-1 depth-1\"><input type=\"checkbox\" id=\"wpforms-84-field_9_1\" name=\"wpforms[fields][9][]\" value=\"Autorizo el env\u00edo de comunicaciones comerciales\"  ><label class=\"wpforms-field-label-inline\" for=\"wpforms-84-field_9_1\">Autorizo el env\u00edo de comunicaciones comerciales<\/label><\/li><\/ul><\/div><\/div><!-- .wpforms-field-container --><div class=\"wpforms-submit-container\" ><input type=\"hidden\" name=\"wpforms[id]\" value=\"84\"><input type=\"hidden\" name=\"page_title\" value=\"\"><input type=\"hidden\" name=\"page_url\" value=\"https:\/\/www.dentalgb.es\/index.php?rest_route=\/wp\/v2\/pages\/50\"><input type=\"hidden\" name=\"url_referer\" value=\"\"><button type=\"submit\" name=\"wpforms[submit]\" id=\"wpforms-submit-84\" class=\"wpforms-submit\" data-alt-text=\"Enviando...\" data-submit-text=\"Enviar\" aria-live=\"assertive\" value=\"wpforms-submit\">Enviar<\/button><\/div><\/form><\/div>  <!-- .wpforms-container -->","protected":false},"excerpt":{"rendered":"<p>Rellena el siguiente formulario para hacernos llegar cualquier consulta que tengas o solicitar una cita online para acudir a nuestra cl\u00ednica. Las citas online tienen que ser confirmadas, recibir\u00e1s una llamada de nuestro personal confirm\u00e1ndola o con el d\u00eda y la hora disponible en caso contrario. Muchas gracias<\/p>\n","protected":false},"author":2,"featured_media":0,"parent":0,"menu_order":0,"comment_status":"closed","ping_status":"closed","template":"","meta":{"ocean_post_layout":"","ocean_both_sidebars_style":"","ocean_both_sidebars_content_width":0,"ocean_both_sidebars_sidebars_width":0,"ocean_sidebar":"0","ocean_second_sidebar":"0","ocean_disable_margins":"enable","ocean_add_body_class":"","ocean_shortcode_before_top_bar":"","ocean_shortcode_after_top_bar":"","ocean_shortcode_before_header":"","ocean_shortcode_after_header":"","ocean_has_shortcode":"","ocean_shortcode_after_title":"","ocean_shortcode_before_footer_widgets":"","ocean_shortcode_after_footer_widgets":"","ocean_shortcode_before_footer_bottom":"","ocean_shortcode_after_footer_bottom":"","ocean_display_top_bar":"default","ocean_display_header":"default","ocean_header_style":"","ocean_center_header_left_menu":"0","ocean_custom_header_template":"0","ocean_custom_logo":0,"ocean_custom_retina_logo":0,"ocean_custom_logo_max_width":0,"ocean_custom_logo_tablet_max_width":0,"ocean_custom_logo_mobile_max_width":0,"ocean_custom_logo_max_height":0,"ocean_custom_logo_tablet_max_height":0,"ocean_custom_logo_mobile_max_height":0,"ocean_header_custom_menu":"0","ocean_menu_typo_font_family":"0","ocean_menu_typo_font_subset":"","ocean_menu_typo_font_size":0,"ocean_menu_typo_font_size_tablet":0,"ocean_menu_typo_font_size_mobile":0,"ocean_menu_typo_font_size_unit":"px","ocean_menu_typo_font_weight":"","ocean_menu_typo_font_weight_tablet":"","ocean_menu_typo_font_weight_mobile":"","ocean_menu_typo_transform":"","ocean_menu_typo_transform_tablet":"","ocean_menu_typo_transform_mobile":"","ocean_menu_typo_line_height":0,"ocean_menu_typo_line_height_tablet":0,"ocean_menu_typo_line_height_mobile":0,"ocean_menu_typo_line_height_unit":"","ocean_menu_typo_spacing":0,"ocean_menu_typo_spacing_tablet":0,"ocean_menu_typo_spacing_mobile":0,"ocean_menu_typo_spacing_unit":"","ocean_menu_link_color":"","ocean_menu_link_color_hover":"","ocean_menu_link_color_active":"","ocean_menu_link_background":"","ocean_menu_link_hover_background":"","ocean_menu_link_active_background":"","ocean_menu_social_links_bg":"","ocean_menu_social_hover_links_bg":"","ocean_menu_social_links_color":"","ocean_menu_social_hover_links_color":"","ocean_disable_title":"default","ocean_disable_heading":"default","ocean_post_title":"","ocean_post_subheading":"","ocean_post_title_style":"","ocean_post_title_background_color":"","ocean_post_title_background":0,"ocean_post_title_bg_image_position":"","ocean_post_title_bg_image_attachment":"","ocean_post_title_bg_image_repeat":"","ocean_post_title_bg_image_size":"","ocean_post_title_height":0,"ocean_post_title_bg_overlay":0.5,"ocean_post_title_bg_overlay_color":"","ocean_disable_breadcrumbs":"default","ocean_breadcrumbs_color":"","ocean_breadcrumbs_separator_color":"","ocean_breadcrumbs_links_color":"","ocean_breadcrumbs_links_hover_color":"","ocean_display_footer_widgets":"default","ocean_display_footer_bottom":"default","ocean_custom_footer_template":"0","footnotes":""},"class_list":["post-50","page","type-page","status-publish","hentry","entry"],"_links":{"self":[{"href":"https:\/\/www.dentalgb.es\/index.php?rest_route=\/wp\/v2\/pages\/50","targetHints":{"allow":["GET"]}}],"collection":[{"href":"https:\/\/www.dentalgb.es\/index.php?rest_route=\/wp\/v2\/pages"}],"about":[{"href":"https:\/\/www.dentalgb.es\/index.php?rest_route=\/wp\/v2\/types\/page"}],"author":[{"embeddable":true,"href":"https:\/\/www.dentalgb.es\/index.php?rest_route=\/wp\/v2\/users\/2"}],"replies":[{"embeddable":true,"href":"https:\/\/www.dentalgb.es\/index.php?rest_route=%2Fwp%2Fv2%2Fcomments&post=50"}],"version-history":[{"count":4,"href":"https:\/\/www.dentalgb.es\/index.php?rest_route=\/wp\/v2\/pages\/50\/revisions"}],"predecessor-version":[{"id":264,"href":"https:\/\/www.dentalgb.es\/index.php?rest_route=\/wp\/v2\/pages\/50\/revisions\/264"}],"wp:attachment":[{"href":"https:\/\/www.dentalgb.es\/index.php?rest_route=%2Fwp%2Fv2%2Fmedia&parent=50"}],"curies":[{"name":"wp","href":"https:\/\/api.w.org\/{rel}","templated":true}]}}